{"id":22,"date":"2024-03-11T17:51:33","date_gmt":"2024-03-11T16:51:33","guid":{"rendered":"https:\/\/oralstudio.com.co\/?page_id=22"},"modified":"2024-10-23T17:30:11","modified_gmt":"2024-10-23T22:30:11","slug":"terminos-y-condiciones","status":"publish","type":"page","link":"https:\/\/oralstudio.com.co\/en\/terminos-y-condiciones\/","title":{"rendered":"Terms and conditions"},"content":{"rendered":"<div data-elementor-type=\"wp-page\" data-elementor-id=\"22\" class=\"elementor elementor-22\" data-elementor-post-type=\"page\">\n\t\t\t\t<div class=\"elementor-element elementor-element-10847f9 floating-header e-flex e-con-boxed e-con e-parent\" data-id=\"10847f9\" data-element_type=\"container\" data-e-type=\"container\" data-settings=\"{&quot;background_background&quot;:&quot;classic&quot;}\">\n\t\t\t\t\t<div class=\"e-con-inner\">\n\t\t\t\t\t<\/div>\n\t\t\t\t<\/div>\n\t\t<div class=\"elementor-element elementor-element-695f54a e-flex e-con-boxed e-con e-parent\" data-id=\"695f54a\" data-element_type=\"container\" data-e-type=\"container\">\n\t\t\t\t\t<div class=\"e-con-inner\">\n\t\t\t\t<div class=\"elementor-element elementor-element-3036cd7 elementor-widget elementor-widget-spacer\" data-id=\"3036cd7\" data-element_type=\"widget\" data-e-type=\"widget\" data-widget_type=\"spacer.default\">\n\t\t\t\t<div class=\"elementor-widget-container\">\n\t\t\t\t\t\t\t<div class=\"elementor-spacer\">\n\t\t\t<div class=\"elementor-spacer-inner\"><\/div>\n\t\t<\/div>\n\t\t\t\t\t\t<\/div>\n\t\t\t\t<\/div>\n\t\t\t\t<div class=\"elementor-element elementor-element-0d7f9a9 elementor-widget elementor-widget-heading\" data-id=\"0d7f9a9\" data-element_type=\"widget\" data-e-type=\"widget\" data-widget_type=\"heading.default\">\n\t\t\t\t<div class=\"elementor-widget-container\">\n\t\t\t\t\t<h2 class=\"elementor-heading-title elementor-size-default\">Terms and Conditions<\/h2>\t\t\t\t<\/div>\n\t\t\t\t<\/div>\n\t\t\t\t<div class=\"elementor-element elementor-element-3f5cbe9 elementor-widget elementor-widget-text-editor\" data-id=\"3f5cbe9\" data-element_type=\"widget\" data-e-type=\"widget\" data-widget_type=\"text-editor.default\">\n\t\t\t\t<div class=\"elementor-widget-container\">\n\t\t\t\t\t\t\t\t\t<h4>Dental Clinic in Medellin<\/h4><p><strong>Last updated: October 23, 2024<\/strong><\/p>\t\t\t\t\t\t\t\t<\/div>\n\t\t\t\t<\/div>\n\t\t\t\t<div class=\"elementor-element elementor-element-f435847 elementor-widget elementor-widget-text-editor\" data-id=\"f435847\" data-element_type=\"widget\" data-e-type=\"widget\" data-widget_type=\"text-editor.default\">\n\t\t\t\t<div class=\"elementor-widget-container\">\n\t\t\t\t\t\t\t\t\t<p>Welcome to our dental clinic in Medellin. Below are the terms and conditions that govern the use of our website and the services offered. By accessing or using our website, you agree to these terms and conditions in full.<\/p>\t\t\t\t\t\t\t\t<\/div>\n\t\t\t\t<\/div>\n\t\t\t\t<div class=\"elementor-element elementor-element-92699ee elementor-widget elementor-widget-heading\" data-id=\"92699ee\" data-element_type=\"widget\" data-e-type=\"widget\" data-widget_type=\"heading.default\">\n\t\t\t\t<div class=\"elementor-widget-container\">\n\t\t\t\t\t<h4 class=\"elementor-heading-title elementor-size-default\">1. General Information\n<\/h4>\t\t\t\t<\/div>\n\t\t\t\t<\/div>\n\t\t\t\t<div class=\"elementor-element elementor-element-6134c73 elementor-widget elementor-widget-text-editor\" data-id=\"6134c73\" data-element_type=\"widget\" data-e-type=\"widget\" data-widget_type=\"text-editor.default\">\n\t\t\t\t<div class=\"elementor-widget-container\">\n\t\t\t\t\t\t\t\t\t<p>We are a dental clinic with highly qualified professionals in each of the specialties, providing our patients with optimal care. More than a dental clinic, we are a high-quality smile clinic, specialized in aesthetic dentistry.<\/p>\t\t\t\t\t\t\t\t<\/div>\n\t\t\t\t<\/div>\n\t\t\t\t<div class=\"elementor-element elementor-element-c5a315d elementor-widget elementor-widget-heading\" data-id=\"c5a315d\" data-element_type=\"widget\" data-e-type=\"widget\" data-widget_type=\"heading.default\">\n\t\t\t\t<div class=\"elementor-widget-container\">\n\t\t\t\t\t<h4 class=\"elementor-heading-title elementor-size-default\">2. Services\n<\/h4>\t\t\t\t<\/div>\n\t\t\t\t<\/div>\n\t\t\t\t<div class=\"elementor-element elementor-element-c4327b8 elementor-widget elementor-widget-text-editor\" data-id=\"c4327b8\" data-element_type=\"widget\" data-e-type=\"widget\" data-widget_type=\"text-editor.default\">\n\t\t\t\t<div class=\"elementor-widget-container\">\n\t\t\t\t\t\t\t\t\t<p>Our aesthetic services include:<\/p><ul><li>Teeth whitening<\/li><li>Smile design<\/li><li>Dental implants<\/li><li>Orthodontics<\/li><li>Oral rehabilitation<\/li><\/ul>\t\t\t\t\t\t\t\t<\/div>\n\t\t\t\t<\/div>\n\t\t\t\t<div class=\"elementor-element elementor-element-5d3b5ac elementor-widget elementor-widget-heading\" data-id=\"5d3b5ac\" data-element_type=\"widget\" data-e-type=\"widget\" data-widget_type=\"heading.default\">\n\t\t\t\t<div class=\"elementor-widget-container\">\n\t\t\t\t\t<h4 class=\"elementor-heading-title elementor-size-default\">3. Commitment to the Patient<\/h4>\t\t\t\t<\/div>\n\t\t\t\t<\/div>\n\t\t\t\t<div class=\"elementor-element elementor-element-fa3b29b elementor-widget elementor-widget-text-editor\" data-id=\"fa3b29b\" data-element_type=\"widget\" data-e-type=\"widget\" data-widget_type=\"text-editor.default\">\n\t\t\t\t<div class=\"elementor-widget-container\">\n\t\t\t\t\t\t\t\t\t<p>Our process is unique and our commitment is the happiness of our patients. We are internationally qualified, we work with the best materials and we have the best technology to create your best smile.<\/p>\t\t\t\t\t\t\t\t<\/div>\n\t\t\t\t<\/div>\n\t\t\t\t<div class=\"elementor-element elementor-element-f75ccbd elementor-widget elementor-widget-heading\" data-id=\"f75ccbd\" data-element_type=\"widget\" data-e-type=\"widget\" data-widget_type=\"heading.default\">\n\t\t\t\t<div class=\"elementor-widget-container\">\n\t\t\t\t\t<h4 class=\"elementor-heading-title elementor-size-default\">4. Use of the Website<\/h4>\t\t\t\t<\/div>\n\t\t\t\t<\/div>\n\t\t\t\t<div class=\"elementor-element elementor-element-949a884 elementor-widget elementor-widget-text-editor\" data-id=\"949a884\" data-element_type=\"widget\" data-e-type=\"widget\" data-widget_type=\"text-editor.default\">\n\t\t\t\t<div class=\"elementor-widget-container\">\n\t\t\t\t\t\t\t\t\tUse of our website implies acceptance of the following terms:<br><br>\n<ul>\n \t<li>The content of the website is for your general information and use only.<\/li>\n \t<li>We reserve the right to modify the content of the website at any time without prior notice.<\/li>\n \t<li>You must not reproduce, duplicate, copy, sell or exploit any content on the website without our express written consent.<\/li>\n<\/ul>\t\t\t\t\t\t\t\t<\/div>\n\t\t\t\t<\/div>\n\t\t\t\t<div class=\"elementor-element elementor-element-8f94672 elementor-widget elementor-widget-heading\" data-id=\"8f94672\" data-element_type=\"widget\" data-e-type=\"widget\" data-widget_type=\"heading.default\">\n\t\t\t\t<div class=\"elementor-widget-container\">\n\t\t\t\t\t<h4 class=\"elementor-heading-title elementor-size-default\">5. Intellectual Property<\/h4>\t\t\t\t<\/div>\n\t\t\t\t<\/div>\n\t\t\t\t<div class=\"elementor-element elementor-element-8cdfc96 elementor-widget elementor-widget-text-editor\" data-id=\"8cdfc96\" data-element_type=\"widget\" data-e-type=\"widget\" data-widget_type=\"text-editor.default\">\n\t\t\t\t<div class=\"elementor-widget-container\">\n\t\t\t\t\t\t\t\t\t<p>All intellectual property rights in the website and its content are owned by us or our licensors. This includes, but is not limited to, text, graphics, logos, images, and software.<\/p>\t\t\t\t\t\t\t\t<\/div>\n\t\t\t\t<\/div>\n\t\t\t\t<div class=\"elementor-element elementor-element-e2e605f elementor-widget elementor-widget-heading\" data-id=\"e2e605f\" data-element_type=\"widget\" data-e-type=\"widget\" data-widget_type=\"heading.default\">\n\t\t\t\t<div class=\"elementor-widget-container\">\n\t\t\t\t\t<h4 class=\"elementor-heading-title elementor-size-default\">6. Limitation of Liability\n<\/h4>\t\t\t\t<\/div>\n\t\t\t\t<\/div>\n\t\t\t\t<div class=\"elementor-element elementor-element-32b641c elementor-widget elementor-widget-text-editor\" data-id=\"32b641c\" data-element_type=\"widget\" data-e-type=\"widget\" data-widget_type=\"text-editor.default\">\n\t\t\t\t<div class=\"elementor-widget-container\">\n\t\t\t\t\t\t\t\t\t<p>We endeavour to ensure that the information on the website is correct and up to date, however we do not warrant its accuracy or completeness. We will not be liable for any direct, indirect or consequential damages arising from the use of the website.<\/p>\t\t\t\t\t\t\t\t<\/div>\n\t\t\t\t<\/div>\n\t\t\t\t<div class=\"elementor-element elementor-element-f42233d elementor-widget elementor-widget-heading\" data-id=\"f42233d\" data-element_type=\"widget\" data-e-type=\"widget\" data-widget_type=\"heading.default\">\n\t\t\t\t<div class=\"elementor-widget-container\">\n\t\t\t\t\t<h4 class=\"elementor-heading-title elementor-size-default\">7. Privacy<\/h4>\t\t\t\t<\/div>\n\t\t\t\t<\/div>\n\t\t\t\t<div class=\"elementor-element elementor-element-4ee21ec elementor-widget elementor-widget-text-editor\" data-id=\"4ee21ec\" data-element_type=\"widget\" data-e-type=\"widget\" data-widget_type=\"text-editor.default\">\n\t\t\t\t<div class=\"elementor-widget-container\">\n\t\t\t\t\t\t\t\t\t<p>We treat your personal information with the utmost confidentiality and security. Please see our Privacy Policy for more details on how we handle your personal information.<span style=\"color: inherit; font-family: var( --e-global-typography-9954ccb-font-family ), Sans-serif; font-size: var( --e-global-typography-9954ccb-font-size ); letter-spacing: var( --e-global-typography-9954ccb-letter-spacing ); text-align: var(--text-align); word-spacing: var( --e-global-typography-9954ccb-word-spacing ); font-weight: var( --e-global-typography-361e806-font-weight );\">\u00a0<\/span><\/p>\t\t\t\t\t\t\t\t<\/div>\n\t\t\t\t<\/div>\n\t\t\t\t<div class=\"elementor-element elementor-element-a2c7aae elementor-widget elementor-widget-heading\" data-id=\"a2c7aae\" data-element_type=\"widget\" data-e-type=\"widget\" data-widget_type=\"heading.default\">\n\t\t\t\t<div class=\"elementor-widget-container\">\n\t\t\t\t\t<h4 class=\"elementor-heading-title elementor-size-default\">8. Payments<\/h4>\t\t\t\t<\/div>\n\t\t\t\t<\/div>\n\t\t\t\t<div class=\"elementor-element elementor-element-79ff6d4 elementor-widget elementor-widget-text-editor\" data-id=\"79ff6d4\" data-element_type=\"widget\" data-e-type=\"widget\" data-widget_type=\"text-editor.default\">\n\t\t\t\t<div class=\"elementor-widget-container\">\n\t\t\t\t\t\t\t\t\t<p>Payments made through our website are subject to our payment terms and conditions. We reserve the right to change the prices of our services at any time.<\/p>\t\t\t\t\t\t\t\t<\/div>\n\t\t\t\t<\/div>\n\t\t\t\t<div class=\"elementor-element elementor-element-dee491f elementor-widget elementor-widget-heading\" data-id=\"dee491f\" data-element_type=\"widget\" data-e-type=\"widget\" data-widget_type=\"heading.default\">\n\t\t\t\t<div class=\"elementor-widget-container\">\n\t\t\t\t\t<h4 class=\"elementor-heading-title elementor-size-default\">9. Applicable Law<\/h4>\t\t\t\t<\/div>\n\t\t\t\t<\/div>\n\t\t\t\t<div class=\"elementor-element elementor-element-1a024ba elementor-widget elementor-widget-text-editor\" data-id=\"1a024ba\" data-element_type=\"widget\" data-e-type=\"widget\" data-widget_type=\"text-editor.default\">\n\t\t\t\t<div class=\"elementor-widget-container\">\n\t\t\t\t\t\t\t\t\t<p>These terms and conditions shall be governed by and construed in accordance with the laws of Colombia. Any dispute arising in connection with these terms and conditions shall be subject to the exclusive jurisdiction of the courts of Medellin, Colombia.<\/p>\t\t\t\t\t\t\t\t<\/div>\n\t\t\t\t<\/div>\n\t\t\t\t<div class=\"elementor-element elementor-element-36e5abc elementor-widget elementor-widget-heading\" data-id=\"36e5abc\" data-element_type=\"widget\" data-e-type=\"widget\" data-widget_type=\"heading.default\">\n\t\t\t\t<div class=\"elementor-widget-container\">\n\t\t\t\t\t<h4 class=\"elementor-heading-title elementor-size-default\">10. Contact\n<\/h4>\t\t\t\t<\/div>\n\t\t\t\t<\/div>\n\t\t\t\t<div class=\"elementor-element elementor-element-d699236 elementor-widget elementor-widget-text-editor\" data-id=\"d699236\" data-element_type=\"widget\" data-e-type=\"widget\" data-widget_type=\"text-editor.default\">\n\t\t\t\t<div class=\"elementor-widget-container\">\n\t\t\t\t\t\t\t\t\t<p>If you have any questions about these terms and conditions, you may contact us by any of the following means:<\/p><ul><li><strong>Phone:<\/strong> 3217093687<\/li><li><strong>Email:<\/strong> info@oralstudio.com.co<\/li><li><strong>Address:<\/strong> Prado Clinic: Cl. 19A #44-25 Health and Services Tower City of the River Office 2001<\/li><\/ul>\t\t\t\t\t\t\t\t<\/div>\n\t\t\t\t<\/div>\n\t\t\t\t<div class=\"elementor-element elementor-element-371eb4e elementor-widget-divider--view-line elementor-widget elementor-widget-divider\" data-id=\"371eb4e\" data-element_type=\"widget\" data-e-type=\"widget\" data-widget_type=\"divider.default\">\n\t\t\t\t<div class=\"elementor-widget-container\">\n\t\t\t\t\t\t\t<div class=\"elementor-divider\">\n\t\t\t<span class=\"elementor-divider-separator\">\n\t\t\t\t\t\t<\/span>\n\t\t<\/div>\n\t\t\t\t\t\t<\/div>\n\t\t\t\t<\/div>\n\t\t\t\t\t<\/div>\n\t\t\t\t<\/div>\n\t\t\t\t<\/div>","protected":false},"excerpt":{"rendered":"<p>T\u00e9rminos y Condiciones Cl\u00ednica Odontol\u00f3gica en Medell\u00edn \u00daltima actualizaci\u00f3n: 23 de octubre de 2024 Bienvenido a nuestra cl\u00ednica odontol\u00f3gica en Medell\u00edn. A continuaci\u00f3n, se detallan los t\u00e9rminos y condiciones que rigen el uso de nuestro sitio web y los servicios ofrecidos. Al acceder o utilizar nuestro sitio web, usted acepta estos t\u00e9rminos y condiciones en [&hellip;]<\/p>\n","protected":false},"author":2,"featured_media":0,"parent":0,"menu_order":0,"comment_status":"closed","ping_status":"closed","template":"","meta":{"footnotes":""},"class_list":["post-22","page","type-page","status-publish","hentry"],"_links":{"self":[{"href":"https:\/\/oralstudio.com.co\/en\/wp-json\/wp\/v2\/pages\/22","targetHints":{"allow":["GET"]}}],"collection":[{"href":"https:\/\/oralstudio.com.co\/en\/wp-json\/wp\/v2\/pages"}],"about":[{"href":"https:\/\/oralstudio.com.co\/en\/wp-json\/wp\/v2\/types\/page"}],"author":[{"embeddable":true,"href":"https:\/\/oralstudio.com.co\/en\/wp-json\/wp\/v2\/users\/2"}],"replies":[{"embeddable":true,"href":"https:\/\/oralstudio.com.co\/en\/wp-json\/wp\/v2\/comments?post=22"}],"version-history":[{"count":52,"href":"https:\/\/oralstudio.com.co\/en\/wp-json\/wp\/v2\/pages\/22\/revisions"}],"predecessor-version":[{"id":5924,"href":"https:\/\/oralstudio.com.co\/en\/wp-json\/wp\/v2\/pages\/22\/revisions\/5924"}],"wp:attachment":[{"href":"https:\/\/oralstudio.com.co\/en\/wp-json\/wp\/v2\/media?parent=22"}],"curies":[{"name":"wp","href":"https:\/\/api.w.org\/{rel}","templated":true}]}}